{"id":10179,"date":"2022-09-13T12:50:21","date_gmt":"2022-09-13T10:50:21","guid":{"rendered":"https:\/\/esplanade1925.hr\/en\/?page_id=10179"},"modified":"2025-05-19T14:13:28","modified_gmt":"2025-05-19T12:13:28","slug":"afternoon-tea","status":"publish","type":"page","link":"https:\/\/esplanade1925.hr\/en\/afternoon-tea\/","title":{"rendered":"Afternoon Tea"},"content":{"rendered":"<p>[vc_row row_content_width=&#8221;grid&#8221; content_text_aligment=&#8221;center&#8221; css=&#8221;.vc_custom_1614880518956{padding-top: 80px !important;padding-bottom: 0px !important;}&#8221;][vc_column]<div class=\"eltd-section-title-holder eltd-separator-disabled  eltd-st-text-position-center\" style=\"text-align: center\">\n    <div class=\"eltd-section-title-inner\">\n                    <h6 class=\"eltd-st-subtitle\" >\n                <span>Give your afternoon a break<\/span>\n            <\/h6>\n                            <h2 class=\"eltd-st-title eltd-title-center\" style=\"color: #0a0a0a\">\n                <span class=\"eltd-st-before\">Iconic<\/span>\n                <span>Esplanade Afternoon Tea<\/span>\n            <\/h2>\n                            <\/div>\n<\/div>[vc_empty_space height=&#8221;28px&#8221;][vc_column_text]<\/p>\n<p style=\"text-align: center;\">Chic Gourmet Tribute to the Orient Express.<\/p>\n<p style=\"text-align: center;\">Take a culinary journey from Paris to Venice, through Zagreb and Istanbul, with our new limited-edition Afternoon Tea \u2014 inspired by the legendary Orient Express route.<\/p>\n<p style=\"text-align: center;\">Step into a world of glamour and gastronomy with each delicately crafted bite by Executive Chef Ana Grgi\u0107 Tomi\u0107, from foie gras brioche and burrata bites to signature Esplanade \u0161trukli and rosewater-kissed desserts \u2014 all paired with your choice of premium tea and chilled bubbly.<\/p>\n<p style=\"text-align: center;\">This refined ritual is served daily from 12:30 to 18:30 hrs at the Esplanade 1925 Lounge &amp; Cocktail Bar or outdoors on the iconic Oleander Terrace.<\/p>\n<p style=\"text-align: center;\">For 45 EUR, the experience includes a tiered stand with savoury and sweet delicacies for two, a mini baked creamy and crisped Esplanade \u0161trukli per person, and a pot of tea with lemon and honey. Preparation takes approximately 30 minutes \u2013 just enough time to settle in and sip something sparkling.<\/p>\n<p style=\"text-align: center;\">As a keepsake, you receive a beautifully designed booklet sharing stories from the hotel\u2019s rich history \u2014 along with a postcard we\u2019ll happily send out.<\/p>\n<p style=\"text-align: center;\">And for those with a taste for bold elegance, our signature cocktail collection by award-winning Master Kishoni awaits \u2014 each inspired by a decade of Esplanade\u2019s 100-year history, crafted with rare ingredients and unforgettable presentation.<\/p>\n<p style=\"text-align: center;\">A century in every sip. A journey in every bite.<\/p>\n<p style=\"text-align: center;\">The Esplanade 1925 Lounge &amp; Cocktail Bar is open daily from 8:30 AM until 2:00 AM. Food is served from 12:00 PM until 12:30 AM.<\/p>\n<p style=\"text-align: center;\">To book your table, call +385 1 4566 633<\/p>\n<p>[\/vc_column_text][vc_empty_space height=&#8221;40px&#8221;][\/vc_column][\/vc_row][vc_row row_content_width=&#8221;grid&#8221; css=&#8221;.vc_custom_1663763930886{padding-top: 110px !important;}&#8221;][vc_column offset=&#8221;vc_col-lg-12 vc_col-md-12&#8243;]<div class=\"eltd-elements-holder   eltd-two-columns  eltd-responsive-mode-768 \" ><div class=\"eltd-eh-item   eltd-horizontal-alignment-center \" style=\"background-color: #f7f7f7\" data-item-class=\"eltd-eh-custom-2448\" data-1280-1600=\"0 24%\" data-1024-1280=\"0 20% 5px 20%\" data-768-1024=\"0 12% 4px 12%\" data-680-768=\"100px 24%\" data-680=\"80px 5%\">\n\t<div class=\"eltd-eh-item-inner\">\n\t\t<div class=\"eltd-eh-item-content eltd-eh-custom-2448\" style=\"padding: 0 26% 5px 26%\">\n\t\t\t[vc_column_text]<\/p>\n<p style=\"text-align: center;\">Browse through:<\/p>\n<p style=\"text-align: center;\"><a href=\"https:\/\/www.esplanade.hr\/press\/download\/menus\/Esplanade-Zagreb-Hotel-Esplanade-Bar-Menu.pdf\">Menu<\/a><\/p>\n<p style=\"text-align: center;\"><a href=\"https:\/\/www.esplanade.hr\/press\/download\/menus\/Orient-Express-Afternoon-Tea-Menu.pdf\">Orient Express Afternoon Tea Menu<\/a><\/p>\n<p style=\"text-align: center;\">Book your table:<\/p>\n<p style=\"text-align: center;\">+385 1 45 666 33<\/p>\n<p style=\"text-align: center;\"><a href=\"mailto:esplanade1925@esplanade.hr\">esplanade1925@esplanade.hr<\/a><\/p>\n<h4 style=\"text-align: center; font-family: 'Limelight', cursive;\">Share your experience<\/h4>\n<p style=\"text-align: center;\">    <span class=\"eltd-icon-shortcode normal   eltd-icon-small\" style=\"width: 17px;height: 17px;line-height: 17px\" >\n                    <a itemprop=\"url\" class=\"\" href=\"https:\/\/www.facebook.com\/EsplanadeZagrebHotel\" target=\"_blank\">\n                    <i class=\"eltd-icon-font-awesome fa fab fa-facebook-f eltd-icon-element\" style=\"\" ><\/i>                    <\/a>\n            <\/span>\n     <span class=\"eltd-icon-shortcode normal   eltd-icon-tiny\" style=\"width: 19px;height: 19px;line-height: 19px\" >\n                    <a itemprop=\"url\" class=\"\" href=\"https:\/\/www.instagram.com\/esplanadezagreb\/\" target=\"_blank\">\n                    <i class=\"eltd-icon-font-awesome fa fa-brands fa-instagram eltd-icon-element\" style=\"\" ><\/i>                    <\/a>\n            <\/span>\n<\/p>\n<h4 style=\"text-align: center; font-family: 'Limelight', cursive;\">Sign up to our Newsletter<\/h4>\n<p style=\"text-align: center;\"><div role=\"form\" class=\"wpcf7\" id=\"wpcf7-f4101-o1\" lang=\"en-US\" dir=\"ltr\">\n<div class=\"screen-reader-response\"><p role=\"status\" aria-live=\"polite\" aria-atomic=\"true\"><\/p> <ul><\/ul><\/div>\n<form action=\"\/en\/wp-json\/wp\/v2\/pages\/10179#wpcf7-f4101-o1\" method=\"post\" class=\"wpcf7-form init\" novalidate=\"novalidate\" data-status=\"init\">\n<div style=\"display: none;\">\n<input type=\"hidden\" name=\"_wpcf7\" value=\"4101\" \/>\n<input type=\"hidden\" name=\"_wpcf7_version\" value=\"5.6\" \/>\n<input type=\"hidden\" name=\"_wpcf7_locale\" value=\"en_US\" \/>\n<input type=\"hidden\" name=\"_wpcf7_unit_tag\" value=\"wpcf7-f4101-o1\" \/>\n<input type=\"hidden\" name=\"_wpcf7_container_post\" value=\"0\" \/>\n<input type=\"hidden\" name=\"_wpcf7_posted_data_hash\" value=\"\" \/>\n<\/div>\n<div class=\"eltd-newsletter clearfix\">\n<div class=\"eltd-newsletter-input\" ><span class=\"wpcf7-form-control-wrap\" data-name=\"email\"><input type=\"email\" name=\"email\" value=\"\" size=\"40\" class=\"wpcf7-form-control wpcf7-text wpcf7-email wpcf7-validates-as-required wpcf7-validates-as-email\" aria-required=\"true\" aria-invalid=\"false\" placeholder=\"Enter your email*\" \/><\/span><\/div>\n<div class=\"eltd-newsletter-submit\" ><input type=\"submit\" value=\"GO\" class=\"wpcf7-form-control has-spinner wpcf7-submit\" \/><\/div>\n<\/div>\n<input type='hidden' class='wpcf7-pum' value='{\"closepopup\":false,\"closedelay\":0,\"openpopup\":false,\"openpopup_id\":0}' \/><div class=\"wpcf7-response-output\" aria-hidden=\"true\"><\/div><\/form><\/div>\n<p>[\/vc_column_text]\t\t<\/div>\n\t<\/div>\n<\/div><div class=\"eltd-eh-item    \"  data-item-class=\"eltd-eh-custom-1849\">\n\t<div class=\"eltd-eh-item-inner\">\n\t\t<div class=\"eltd-eh-item-content eltd-eh-custom-1849\" >\n\t\t\t<div class=\"eltd-image-gallery  eltd-ig-slider-type eltd-no-space   eltd-custom-nav eltd-custom-nav-right eltd-hide-pagination\">\n\t<div class=\"eltd-ig-slider eltd-owl-slider\" data-number-of-items=\"1\" data-enable-loop=\"yes\" data-enable-autoplay=\"yes\" data-slider-speed=\"5000\" data-slider-speed-animation=\"600\" data-slider-padding=\"no\" data-enable-navigation=\"yes\" data-enable-custom-navigation=\"yes\" data-enable-pagination=\"yes\" data-slider-animate-out=\"fadeOut\">\n\t\t\t\t\t<div class=\"eltd-ig-image\">\n\t\t\t\t\t\t\t\t\t<img src=\"https:\/\/esplanade1925.hr\/en\/wp-content\/uploads\/2025\/05\/4X9A5934web-900x900.jpg\" alt=\"\" width=\"900\" height=\"900\" \/>\t\t\t\t\t\t\t<\/div>\n\t\t\t\t\t<div class=\"eltd-ig-image\">\n\t\t\t\t\t\t\t\t\t<img src=\"https:\/\/esplanade1925.hr\/en\/wp-content\/uploads\/2025\/05\/4X9A5890web-900x900.jpg\" alt=\"\" width=\"900\" height=\"900\" \/>\t\t\t\t\t\t\t<\/div>\n\t\t\t\t\t<div class=\"eltd-ig-image\">\n\t\t\t\t\t\t\t\t\t<img src=\"https:\/\/esplanade1925.hr\/en\/wp-content\/uploads\/2025\/05\/4X9A5909web-900x900.jpg\" alt=\"\" width=\"900\" height=\"900\" \/>\t\t\t\t\t\t\t<\/div>\n\t\t\t\t\t<div class=\"eltd-ig-image\">\n\t\t\t\t\t\t\t\t\t<img src=\"https:\/\/esplanade1925.hr\/en\/wp-content\/uploads\/2025\/05\/4X9A5941web-900x900.jpg\" alt=\"\" width=\"900\" height=\"900\" \/>\t\t\t\t\t\t\t<\/div>\n\t\t\t\t\t<div class=\"eltd-ig-image\">\n\t\t\t\t\t\t\t\t\t<img src=\"https:\/\/esplanade1925.hr\/en\/wp-content\/uploads\/2025\/05\/4X9A5940web-900x900.jpg\" alt=\"\" width=\"900\" height=\"900\" \/>\t\t\t\t\t\t\t<\/div>\n\t\t\t<\/div>\n<\/div>\t\t<\/div>\n\t<\/div>\n<\/div><\/div>[\/vc_column][\/vc_row][vc_row disable_element=&#8221;yes&#8221; content_text_aligment=&#8221;center&#8221; css=&#8221;.vc_custom_1661418849611{margin-top: 0px !important;padding-top: 0px !important;padding-bottom: 0px !important;}&#8221;][vc_column width=&#8221;1\/2&#8243;]<div class=\"eltd-elements-holder   eltd-one-column  eltd-responsive-mode-768 \" ><div class=\"eltd-eh-item   eltd-horizontal-alignment-center \"  data-item-class=\"eltd-eh-custom-3321\" data-1024-1280=\"130px 90px 0 80px\" data-768-1024=\"130px 60px 0 47px\" data-680-768=\"130px 80px 0 80px\" data-680=\"130px 40px 0 40px\">\n\t<div class=\"eltd-eh-item-inner\">\n\t\t<div class=\"eltd-eh-item-content eltd-eh-custom-3321\" style=\"padding: 110px 0 80px 0\">\n\t\t\t<div class=\"eltd-single-image-holder   \">\n    <div class=\"eltd-si-inner\" >\n                                    <img src=\"\" alt=\"\" width=\"800\" height=\"800\" \/>                        <\/div>\n<\/div>\t\t<\/div>\n\t<\/div>\n<\/div><\/div>[\/vc_column][vc_column width=&#8221;1\/2&#8243;]<div class=\"eltd-elements-holder   eltd-one-column  eltd-responsive-mode-768 \" ><div class=\"eltd-eh-item    \"  data-item-class=\"eltd-eh-custom-3529\" data-1024-1280=\"130px 90px 0 80px\" data-768-1024=\"130px 60px 0 47px\" data-680-768=\"130px 80px 0 80px\" data-680=\"130px 40px 0 40px\">\n\t<div class=\"eltd-eh-item-inner\">\n\t\t<div class=\"eltd-eh-item-content eltd-eh-custom-3529\" style=\"padding: 130px 0 80px 0\">\n\t\t\t<div class=\"eltd-hrp-holder \">\n\n\n    <div class=\"eltd-hrp eltd-small-room\">\n        <div class=\"eltd-hrp-inner\">\n            <div class=\"eltd-hrp-image\">\n                <a class=\"eltd-hrp-link\" itemprop=\"url\" href=\"\" title=\"Afternoon Tea\">\n                    <div class=\"eltd-hrp-trim\" ><\/div>\n                                    <\/a>\n            <\/div>\n            <div class=\"eltd-hrp-text-wrapper clearfix\">\n                <h4 itemprop=\"name\" class=\"entry-title eltd-hrp-title\">\n                    <a itemprop=\"url\" href=\"\"><\/a>\n                <\/h4>\n            <div class=\"eltd-hrp-price-wrapper\">\n                 <span class=\"eltd-hrp-price\">\n                    <span class=\"eltd-hrp-price-currency\">&euro;<\/span><span><\/span>\n                <\/span>\n            <\/div>\n        <\/div>\n        <\/div>\n    <\/div>\n\n    <div class=\"eltd-hrp eltd-big-room\">\n        <div class=\"eltd-hrp-inner\">\n            <div class=\"eltd-hrp-image\">\n                <a class=\"eltd-hrp-link\" itemprop=\"url\" href=\"\" title=\"Afternoon Tea\">\n                    <div class=\"eltd-hrp-trim\" ><\/div>\n                                    <\/a>\n            <\/div>\n            <div class=\"eltd-hrp-text-wrapper clearfix\">\n                <h4 itemprop=\"name\" class=\"entry-title eltd-hrp-title\">\n                    <a itemprop=\"url\" href=\"\"><\/a>\n                <\/h4>\n            <div class=\"eltd-hrp-price-wrapper\">\n                 <span class=\"eltd-hrp-price\">\n                    <span class=\"eltd-hrp-price-currency\">&euro;<\/span><span><\/span>\n                <\/span>\n            <\/div>\n        <\/div>\n        <\/div>\n    <\/div>\n\n<\/div>\n\t\t<\/div>\n\t<\/div>\n<\/div><\/div>[\/vc_column][\/vc_row][vc_row disable_element=&#8221;yes&#8221; css=&#8221;.vc_custom_1663764007007{margin-top: 20px !important;}&#8221;][vc_column width=&#8221;1\/4&#8243;][\/vc_column][vc_column width=&#8221;1\/2&#8243; css=&#8221;.vc_custom_1661420592734{margin-right: 20px !important;margin-left: 20px !important;}&#8221;]<div class=\"eltd-image-gallery  eltd-ig-slider-type eltd-no-space   eltd-custom-nav eltd-custom-nav-right eltd-hide-pagination\">\n\t<div class=\"eltd-ig-slider eltd-owl-slider\" data-number-of-items=\"1\" data-enable-loop=\"yes\" data-enable-autoplay=\"yes\" data-slider-speed=\"5000\" data-slider-speed-animation=\"600\" data-slider-padding=\"no\" data-enable-navigation=\"yes\" data-enable-custom-navigation=\"yes\" data-enable-pagination=\"yes\" data-slider-animate-out=\"fadeOut\">\n\t\t\t\t\t<div class=\"eltd-ig-image\">\n\t\t\t\t\t\t\t\t\t<img width=\"1920\" height=\"1280\" src=\"https:\/\/esplanade1925.hr\/en\/wp-content\/uploads\/2022\/09\/TEASredisnja-1.jpg\" class=\"attachment-full size-full\" alt=\"\" loading=\"lazy\" srcset=\"https:\/\/esplanade1925.hr\/en\/wp-content\/uploads\/2022\/09\/TEASredisnja-1.jpg 1920w, https:\/\/esplanade1925.hr\/en\/wp-content\/uploads\/2022\/09\/TEASredisnja-1-300x200.jpg 300w, https:\/\/esplanade1925.hr\/en\/wp-content\/uploads\/2022\/09\/TEASredisnja-1-1024x683.jpg 1024w, https:\/\/esplanade1925.hr\/en\/wp-content\/uploads\/2022\/09\/TEASredisnja-1-768x512.jpg 768w, https:\/\/esplanade1925.hr\/en\/wp-content\/uploads\/2022\/09\/TEASredisnja-1-1536x1024.jpg 1536w, https:\/\/esplanade1925.hr\/en\/wp-content\/uploads\/2022\/09\/TEASredisnja-1-600x400.jpg 600w\" sizes=\"(max-width: 1920px) 100vw, 1920px\" \/>\t\t\t\t\t\t\t<\/div>\n\t\t\t\t\t<div class=\"eltd-ig-image\">\n\t\t\t\t\t\t\t\t\t<img width=\"1920\" height=\"1280\" src=\"https:\/\/esplanade1925.hr\/en\/wp-content\/uploads\/2022\/09\/TEASredisnja-2.jpg\" class=\"attachment-full size-full\" alt=\"\" loading=\"lazy\" srcset=\"https:\/\/esplanade1925.hr\/en\/wp-content\/uploads\/2022\/09\/TEASredisnja-2.jpg 1920w, https:\/\/esplanade1925.hr\/en\/wp-content\/uploads\/2022\/09\/TEASredisnja-2-300x200.jpg 300w, https:\/\/esplanade1925.hr\/en\/wp-content\/uploads\/2022\/09\/TEASredisnja-2-1024x683.jpg 1024w, https:\/\/esplanade1925.hr\/en\/wp-content\/uploads\/2022\/09\/TEASredisnja-2-768x512.jpg 768w, https:\/\/esplanade1925.hr\/en\/wp-content\/uploads\/2022\/09\/TEASredisnja-2-1536x1024.jpg 1536w\" sizes=\"(max-width: 1920px) 100vw, 1920px\" \/>\t\t\t\t\t\t\t<\/div>\n\t\t\t\t\t<div class=\"eltd-ig-image\">\n\t\t\t\t\t\t\t\t\t<img width=\"1920\" height=\"1280\" src=\"https:\/\/esplanade1925.hr\/en\/wp-content\/uploads\/2022\/09\/TEASredisnja-3.jpg\" class=\"attachment-full size-full\" alt=\"\" loading=\"lazy\" srcset=\"https:\/\/esplanade1925.hr\/en\/wp-content\/uploads\/2022\/09\/TEASredisnja-3.jpg 1920w, https:\/\/esplanade1925.hr\/en\/wp-content\/uploads\/2022\/09\/TEASredisnja-3-300x200.jpg 300w, https:\/\/esplanade1925.hr\/en\/wp-content\/uploads\/2022\/09\/TEASredisnja-3-1024x683.jpg 1024w, https:\/\/esplanade1925.hr\/en\/wp-content\/uploads\/2022\/09\/TEASredisnja-3-768x512.jpg 768w, https:\/\/esplanade1925.hr\/en\/wp-content\/uploads\/2022\/09\/TEASredisnja-3-1536x1024.jpg 1536w, https:\/\/esplanade1925.hr\/en\/wp-content\/uploads\/2022\/09\/TEASredisnja-3-600x400.jpg 600w\" sizes=\"(max-width: 1920px) 100vw, 1920px\" \/>\t\t\t\t\t\t\t<\/div>\n\t\t\t<\/div>\n<\/div>[\/vc_column][vc_column width=&#8221;1\/4&#8243;][\/vc_column][\/vc_row]<\/p>\n","protected":false},"excerpt":{"rendered":"<p>[vc_row row_content_width=&#8221;grid&#8221; content_text_aligment=&#8221;center&#8221; css=&#8221;.vc_custom_1614880518956{padding-top: 80px !important;padding-bottom: 0px !important;}&#8221;][vc_column][vc_empty_space height=&#8221;28px&#8221;][vc_column_text] Chic [&hellip;]<\/p>\n","protected":false},"author":4,"featured_media":0,"parent":0,"menu_order":0,"comment_status":"closed","ping_status":"closed","template":"full-width.php","meta":{"_links_to":"","_links_to_target":"","_wp_rev_ctl_limit":"5"},"_links":{"self":[{"href":"https:\/\/esplanade1925.hr\/en\/wp-json\/wp\/v2\/pages\/10179"}],"collection":[{"href":"https:\/\/esplanade1925.hr\/en\/wp-json\/wp\/v2\/pages"}],"about":[{"href":"https:\/\/esplanade1925.hr\/en\/wp-json\/wp\/v2\/types\/page"}],"author":[{"embeddable":true,"href":"https:\/\/esplanade1925.hr\/en\/wp-json\/wp\/v2\/users\/4"}],"replies":[{"embeddable":true,"href":"https:\/\/esplanade1925.hr\/en\/wp-json\/wp\/v2\/comments?post=10179"}],"version-history":[{"count":6,"href":"https:\/\/esplanade1925.hr\/en\/wp-json\/wp\/v2\/pages\/10179\/revisions"}],"predecessor-version":[{"id":10511,"href":"https:\/\/esplanade1925.hr\/en\/wp-json\/wp\/v2\/pages\/10179\/revisions\/10511"}],"wp:attachment":[{"href":"https:\/\/esplanade1925.hr\/en\/wp-json\/wp\/v2\/media?parent=10179"}],"curies":[{"name":"wp","href":"https:\/\/api.w.org\/{rel}","templated":true}]}}